{"id":3618,"date":"2021-04-10T04:51:58","date_gmt":"2021-04-10T09:51:58","guid":{"rendered":"https:\/\/grupolumiere.com\/?page_id=3618"},"modified":"2021-04-10T04:59:53","modified_gmt":"2021-04-10T09:59:53","slug":"sonido-sistema-surround","status":"publish","type":"page","link":"https:\/\/grupolumiere.com\/en\/sonido-sistema-surround\/","title":{"rendered":"Sound Surround System"},"content":{"rendered":"<body>\r\n\t\t<div class=\"pgafu-filter-wrp \">\r\n\t\t\t<ul class=\"pgafu-filter\" id=\"pgafu-filtr-1\">\r\n\t\t\t\t<li class=\"pgafu-filtr-cat pgafu-active-filtr\" data-filter=\"*\"><a href=\"javascript:void(0);\">All<\/a><\/li>\r\n\t\t\t\t\t\t\t\t\t<li class=\"pgafu-filtr-cat\" data-filter=\".pgafu-75\"><a href=\"javascript:void(0);\">Sorround System<\/a><\/li>\r\n\t\t\t\t\t\t\t<\/ul>\r\n\r\n\t\t\t<div class=\"pgafu-filtr-container\" id=\"pgafu-post-filtr-1\">\r\n\t\t\t\t<div class=\"pgafu-post-grid-main pgafu-post-filter pgafu-design-1 pgafu-image-fit has-no-animation pgafu-clearfix\">\r\n\r\n\t\t\t\t\r\n\t\t\t\t\t<div class=\"pgafu-medium-12 pgafu-columns filtr-item pgafu-post-cnt pgafu-75 pgafu-43\">\r\n\t\t\t\t\t\r\n<div class=\"pgafu-post-grid\">\r\n\t<div class=\"pgafu-post-grid-content \">\r\n\t\t\t\t\t<div class=\"pgafu-post-image-bg\" style=\"\">\r\n\t\t\t\t<a href=\"https:\/\/grupolumiere.com\/en\/2024\/10\/22\/el-mejor-kit-completo-de-cine-en-casa\/\">\r\n\t\t\t\t\t<img decoding=\"async\" src=\"https:\/\/grupolumiere.com\/wp-content\/uploads\/2024\/10\/Kit-cine-en-casa-1-e1729633915508-1024x778.webp\" alt=\"The best complete home theater kit\" \/>\r\n\t\t\t\t<\/a>\r\n\t\t\t<\/div>\r\n\t\t\t\t<h2 class=\"pgafu-post-title\">\r\n\t\t\t<a href=\"https:\/\/grupolumiere.com\/en\/2024\/10\/22\/el-mejor-kit-completo-de-cine-en-casa\/\">The best complete home theater kit<\/a>\r\n\t\t<\/h2>\r\n\r\n\t\t\t\t\t<div class=\"pgafu-post-date\">\r\n\t\t\t\t\t\t\t<\/div>\r\n\t\t\t\t\t<div class=\"pgafu-post-content\">\r\n\t\t\t\t<div class=\"pgafu-post-short-content\">Delve into your entertainment with stunning multi-channel surround sound when you connect Sub 4 and a pair of Era 300...<\/div>\r\n\t\t\t\t\t\t\t\t\t<a href=\"https:\/\/grupolumiere.com\/en\/2024\/10\/22\/el-mejor-kit-completo-de-cine-en-casa\/\" class=\"readmorebtn\">Read More<\/a>\r\n\t\t\t\t\t\t\t<\/div>\r\n\t\t\t<\/div>\r\n<\/div>\t\t\t\t\t<\/div>\r\n\r\n\t\t\t\t\t\r\n\t\t\t\t\t<div class=\"pgafu-medium-12 pgafu-columns filtr-item pgafu-post-cnt pgafu-75 pgafu-43\">\r\n\t\t\t\t\t\r\n<div class=\"pgafu-post-grid\">\r\n\t<div class=\"pgafu-post-grid-content \">\r\n\t\t\t\t\t<div class=\"pgafu-post-image-bg\" style=\"\">\r\n\t\t\t\t<a href=\"https:\/\/grupolumiere.com\/en\/2021\/05\/08\/sistema-sorround-sonos\/\">\r\n\t\t\t\t\t<img decoding=\"async\" src=\"https:\/\/grupolumiere.com\/wp-content\/uploads\/2021\/05\/sonance-homet-1024x435.jpg\" alt=\"Surround Set-Sonos\" \/>\r\n\t\t\t\t<\/a>\r\n\t\t\t<\/div>\r\n\t\t\t\t<h2 class=\"pgafu-post-title\">\r\n\t\t\t<a href=\"https:\/\/grupolumiere.com\/en\/2021\/05\/08\/sistema-sorround-sonos\/\">Surround Set-Sonos<\/a>\r\n\t\t<\/h2>\r\n\r\n\t\t\t\t\t<div class=\"pgafu-post-date\">\r\n\t\t\t\t\t\t\t<\/div>\r\n\t\t\t\t\t<div class=\"pgafu-post-content\">\r\n\t\t\t\t<div class=\"pgafu-post-short-content\">Bring all your entertainment to life with cinematic surround sound. Easily connect your system over WiFi and enjoy control with...<\/div>\r\n\t\t\t\t\t\t\t\t\t<a href=\"https:\/\/grupolumiere.com\/en\/2021\/05\/08\/sistema-sorround-sonos\/\" class=\"readmorebtn\">Read More<\/a>\r\n\t\t\t\t\t\t\t<\/div>\r\n\t\t\t<\/div>\r\n<\/div>\t\t\t\t\t<\/div>\r\n\r\n\t\t\t\t\t\r\n\t\t\t\t\t<div class=\"pgafu-medium-12 pgafu-columns filtr-item pgafu-post-cnt pgafu-75 pgafu-43\">\r\n\t\t\t\t\t\r\n<div class=\"pgafu-post-grid\">\r\n\t<div class=\"pgafu-post-grid-content \">\r\n\t\t\t\t\t<div class=\"pgafu-post-image-bg\" style=\"\">\r\n\t\t\t\t<a href=\"https:\/\/grupolumiere.com\/en\/2021\/04\/26\/d8-subwoofer\/\">\r\n\t\t\t\t\t<img decoding=\"async\" src=\"https:\/\/grupolumiere.com\/wp-content\/uploads\/2021\/04\/D8_100257_110218-1024x435.jpg\" alt=\"D8 Subwoofer\" \/>\r\n\t\t\t\t<\/a>\r\n\t\t\t<\/div>\r\n\t\t\t\t<h2 class=\"pgafu-post-title\">\r\n\t\t\t<a href=\"https:\/\/grupolumiere.com\/en\/2021\/04\/26\/d8-subwoofer\/\">D8 Subwoofer<\/a>\r\n\t\t<\/h2>\r\n\r\n\t\t\t\t\t<div class=\"pgafu-post-date\">\r\n\t\t\t\t\t\t\t<\/div>\r\n\t\t\t\t\t<div class=\"pgafu-post-content\">\r\n\t\t\t\t<div class=\"pgafu-post-short-content\">El Sonance D8 cuenta con dos potentes controladores cuadrados de 8 \"con cancelaci\u00f3n de vibraciones, conectividad inal\u00e1mbrica y nuestra tecnolog\u00eda...<\/div>\r\n\t\t\t\t\t\t\t\t\t<a href=\"https:\/\/grupolumiere.com\/en\/2021\/04\/26\/d8-subwoofer\/\" class=\"readmorebtn\">Read More<\/a>\r\n\t\t\t\t\t\t\t<\/div>\r\n\t\t\t<\/div>\r\n<\/div>\t\t\t\t\t<\/div>\r\n\r\n\t\t\t\t\t\r\n\t\t\t\t\t<div class=\"pgafu-medium-12 pgafu-columns filtr-item pgafu-post-cnt pgafu-75 pgafu-43\">\r\n\t\t\t\t\t\r\n<div class=\"pgafu-post-grid\">\r\n\t<div class=\"pgafu-post-grid-content \">\r\n\t\t\t\t\t<div class=\"pgafu-post-image-bg\" style=\"\">\r\n\t\t\t\t<a href=\"https:\/\/grupolumiere.com\/en\/2021\/04\/23\/sonance-soundbar\/\">\r\n\t\t\t\t\t<img decoding=\"async\" src=\"https:\/\/grupolumiere.com\/wp-content\/uploads\/2021\/04\/SONANCE-SOUND-BAR-1024x435.jpg\" alt=\"Sonance Soundbar\" \/>\r\n\t\t\t\t<\/a>\r\n\t\t\t<\/div>\r\n\t\t\t\t<h2 class=\"pgafu-post-title\">\r\n\t\t\t<a href=\"https:\/\/grupolumiere.com\/en\/2021\/04\/23\/sonance-soundbar\/\">Sonance Soundbar<\/a>\r\n\t\t<\/h2>\r\n\r\n\t\t\t\t\t<div class=\"pgafu-post-date\">\r\n\t\t\t\t\t\t\t<\/div>\r\n\t\t\t\t\t<div class=\"pgafu-post-content\">\r\n\t\t\t\t<div class=\"pgafu-post-short-content\">Sonance Soundbar combines 35 years of proven speaker performance with a sleek single-piece soundbar grille to perfectly match most television...<\/div>\r\n\t\t\t\t\t\t\t\t\t<a href=\"https:\/\/grupolumiere.com\/en\/2021\/04\/23\/sonance-soundbar\/\" class=\"readmorebtn\">Read More<\/a>\r\n\t\t\t\t\t\t\t<\/div>\r\n\t\t\t<\/div>\r\n<\/div>\t\t\t\t\t<\/div>\r\n\r\n\t\t\t\t\t\r\n\t\t\t\t\t<div class=\"pgafu-medium-12 pgafu-columns filtr-item pgafu-post-cnt pgafu-75 pgafu-43\">\r\n\t\t\t\t\t\r\n<div class=\"pgafu-post-grid\">\r\n\t<div class=\"pgafu-post-grid-content \">\r\n\t\t\t\t\t<div class=\"pgafu-post-image-bg\" style=\"\">\r\n\t\t\t\t<a href=\"https:\/\/grupolumiere.com\/en\/2021\/04\/20\/artison-studio-barras-de-sonido-savant\/\">\r\n\t\t\t\t\t<img decoding=\"async\" src=\"https:\/\/grupolumiere.com\/wp-content\/uploads\/2021\/04\/image.jpg\" alt=\"ARTISON STUDIO Soundbars- Savant\" \/>\r\n\t\t\t\t<\/a>\r\n\t\t\t<\/div>\r\n\t\t\t\t<h2 class=\"pgafu-post-title\">\r\n\t\t\t<a href=\"https:\/\/grupolumiere.com\/en\/2021\/04\/20\/artison-studio-barras-de-sonido-savant\/\">ARTISON STUDIO Soundbars- Savant<\/a>\r\n\t\t<\/h2>\r\n\r\n\t\t\t\t\t<div class=\"pgafu-post-date\">\r\n\t\t\t\t\t\t\t<\/div>\r\n\t\t\t\t\t<div class=\"pgafu-post-content\">\r\n\t\t\t\t<div class=\"pgafu-post-short-content\">Designed to be hidden in plain sight, Artison Studio soundbars blend seamlessly into any decor. UNCOMPROMISING SOUND QUALITY All Artison...<\/div>\r\n\t\t\t\t\t\t\t\t\t<a href=\"https:\/\/grupolumiere.com\/en\/2021\/04\/20\/artison-studio-barras-de-sonido-savant\/\" class=\"readmorebtn\">Read More<\/a>\r\n\t\t\t\t\t\t\t<\/div>\r\n\t\t\t<\/div>\r\n<\/div>\t\t\t\t\t<\/div>\r\n\r\n\t\t\t\t\t\r\n\t\t\t\t<\/div>\r\n\t\t\t<\/div>\r\n\t\t<\/div>\r\n\r\n\t\t\n<\/body>","protected":false},"excerpt":{"rendered":"","protected":false},"author":1,"featured_media":0,"parent":0,"menu_order":0,"comment_status":"closed","ping_status":"closed","template":"","meta":{"_acf_changed":false,"ngg_post_thumbnail":0,"footnotes":"","_links_to":"","_links_to_target":""},"class_list":["post-3618","page","type-page","status-publish","hentry"],"acf":[],"yoast_head":"<!-- This site is optimized with the Yoast SEO plugin v27.4 - https:\/\/yoast.com\/product\/yoast-seo-wordpress\/ -->\n<title>Sound Surround System - Lumiere<\/title>\n<meta name=\"robots\" content=\"index, follow, max-snippet:-1, max-image-preview:large, max-video-preview:-1\" \/>\n<link rel=\"canonical\" href=\"https:\/\/grupolumiere.com\/sonido-sistema-surround\/\" \/>\n<meta property=\"og:locale\" content=\"en_US\" \/>\n<meta property=\"og:type\" content=\"article\" \/>\n<meta property=\"og:title\" content=\"[:es]Sonido Sistema Surround[:en]Sound Surround System[:] - Lumiere\" \/>\n<meta property=\"og:url\" content=\"https:\/\/grupolumiere.com\/sonido-sistema-surround\/\" \/>\n<meta property=\"og:site_name\" content=\"Lumiere\" \/>\n<meta property=\"article:modified_time\" content=\"2021-04-10T09:59:53+00:00\" \/>\n<meta name=\"twitter:card\" content=\"summary_large_image\" \/>\n<meta name=\"twitter:label1\" content=\"Est. reading time\" \/>\n\t<meta name=\"twitter:data1\" content=\"1 minute\" \/>\n<script type=\"application\/ld+json\" class=\"yoast-schema-graph\">{\"@context\":\"https:\\\/\\\/schema.org\",\"@graph\":[{\"@type\":\"WebPage\",\"@id\":\"https:\\\/\\\/grupolumiere.com\\\/sonido-sistema-surround\\\/\",\"url\":\"https:\\\/\\\/grupolumiere.com\\\/sonido-sistema-surround\\\/\",\"name\":\"[:es]Sonido Sistema Surround[:en]Sound Surround System[:] - Lumiere\",\"isPartOf\":{\"@id\":\"https:\\\/\\\/grupolumiere.com\\\/#website\"},\"datePublished\":\"2021-04-10T09:51:58+00:00\",\"dateModified\":\"2021-04-10T09:59:53+00:00\",\"breadcrumb\":{\"@id\":\"https:\\\/\\\/grupolumiere.com\\\/sonido-sistema-surround\\\/#breadcrumb\"},\"inLanguage\":\"en-US\",\"potentialAction\":[{\"@type\":\"ReadAction\",\"target\":[\"https:\\\/\\\/grupolumiere.com\\\/sonido-sistema-surround\\\/\"]}]},{\"@type\":\"BreadcrumbList\",\"@id\":\"https:\\\/\\\/grupolumiere.com\\\/sonido-sistema-surround\\\/#breadcrumb\",\"itemListElement\":[{\"@type\":\"ListItem\",\"position\":1,\"name\":\"Home\",\"item\":\"https:\\\/\\\/grupolumiere.com\\\/\"},{\"@type\":\"ListItem\",\"position\":2,\"name\":\"Sonido Sistema Surround\"}]},{\"@type\":\"WebSite\",\"@id\":\"https:\\\/\\\/grupolumiere.com\\\/#website\",\"url\":\"https:\\\/\\\/grupolumiere.com\\\/\",\"name\":\"Lumiere\",\"description\":\"Dise\u00f1os y Automatizac\u00f3n\",\"potentialAction\":[{\"@type\":\"SearchAction\",\"target\":{\"@type\":\"EntryPoint\",\"urlTemplate\":\"https:\\\/\\\/grupolumiere.com\\\/?s={search_term_string}\"},\"query-input\":{\"@type\":\"PropertyValueSpecification\",\"valueRequired\":true,\"valueName\":\"search_term_string\"}}],\"inLanguage\":\"en-US\"}]}<\/script>\n<!-- \/ Yoast SEO plugin. -->","yoast_head_json":{"title":"[:es]Sonido Sistema Surround[:en]Sound Surround System[:] - Lumiere","robots":{"index":"index","follow":"follow","max-snippet":"max-snippet:-1","max-image-preview":"max-image-preview:large","max-video-preview":"max-video-preview:-1"},"canonical":"https:\/\/grupolumiere.com\/sonido-sistema-surround\/","og_locale":"en_US","og_type":"article","og_title":"[:es]Sonido Sistema Surround[:en]Sound Surround System[:] - Lumiere","og_url":"https:\/\/grupolumiere.com\/sonido-sistema-surround\/","og_site_name":"Lumiere","article_modified_time":"2021-04-10T09:59:53+00:00","twitter_card":"summary_large_image","twitter_misc":{"Est. reading time":"1 minute"},"schema":{"@context":"https:\/\/schema.org","@graph":[{"@type":"WebPage","@id":"https:\/\/grupolumiere.com\/sonido-sistema-surround\/","url":"https:\/\/grupolumiere.com\/sonido-sistema-surround\/","name":"[:es]Sonido Sistema Surround[:en]Sound Surround System[:] - Lumiere","isPartOf":{"@id":"https:\/\/grupolumiere.com\/#website"},"datePublished":"2021-04-10T09:51:58+00:00","dateModified":"2021-04-10T09:59:53+00:00","breadcrumb":{"@id":"https:\/\/grupolumiere.com\/sonido-sistema-surround\/#breadcrumb"},"inLanguage":"en-US","potentialAction":[{"@type":"ReadAction","target":["https:\/\/grupolumiere.com\/sonido-sistema-surround\/"]}]},{"@type":"BreadcrumbList","@id":"https:\/\/grupolumiere.com\/sonido-sistema-surround\/#breadcrumb","itemListElement":[{"@type":"ListItem","position":1,"name":"Home","item":"https:\/\/grupolumiere.com\/"},{"@type":"ListItem","position":2,"name":"Sonido Sistema Surround"}]},{"@type":"WebSite","@id":"https:\/\/grupolumiere.com\/#website","url":"https:\/\/grupolumiere.com\/","name":"Lumiere","description":"Dise\u00f1os y Automatizac\u00f3n","potentialAction":[{"@type":"SearchAction","target":{"@type":"EntryPoint","urlTemplate":"https:\/\/grupolumiere.com\/?s={search_term_string}"},"query-input":{"@type":"PropertyValueSpecification","valueRequired":true,"valueName":"search_term_string"}}],"inLanguage":"en-US"}]}},"_links":{"self":[{"href":"https:\/\/grupolumiere.com\/en\/wp-json\/wp\/v2\/pages\/3618","targetHints":{"allow":["GET"]}}],"collection":[{"href":"https:\/\/grupolumiere.com\/en\/wp-json\/wp\/v2\/pages"}],"about":[{"href":"https:\/\/grupolumiere.com\/en\/wp-json\/wp\/v2\/types\/page"}],"author":[{"embeddable":true,"href":"https:\/\/grupolumiere.com\/en\/wp-json\/wp\/v2\/users\/1"}],"replies":[{"embeddable":true,"href":"https:\/\/grupolumiere.com\/en\/wp-json\/wp\/v2\/comments?post=3618"}],"version-history":[{"count":2,"href":"https:\/\/grupolumiere.com\/en\/wp-json\/wp\/v2\/pages\/3618\/revisions"}],"predecessor-version":[{"id":3621,"href":"https:\/\/grupolumiere.com\/en\/wp-json\/wp\/v2\/pages\/3618\/revisions\/3621"}],"wp:attachment":[{"href":"https:\/\/grupolumiere.com\/en\/wp-json\/wp\/v2\/media?parent=3618"}],"curies":[{"name":"wp","href":"https:\/\/api.w.org\/{rel}","templated":true}]}}